{"id":61,"date":"2024-02-27T19:03:22","date_gmt":"2024-02-27T19:03:22","guid":{"rendered":"https:\/\/chriapartners.com.br\/?page_id=61"},"modified":"2024-06-18T12:09:41","modified_gmt":"2024-06-18T15:09:41","slug":"home-chria-partners","status":"publish","type":"page","link":"https:\/\/chriapartners.com.br\/en_us\/","title":{"rendered":"Home"},"content":{"rendered":"<div data-elementor-type=\"wp-page\" data-elementor-id=\"61\" class=\"elementor elementor-61\" data-elementor-post-type=\"page\">\n\t\t\t\t<div class=\"elementor-element elementor-element-65d2bd3 over_loading e-flex e-con-boxed e-con e-parent\" data-id=\"65d2bd3\" data-element_type=\"container\" data-e-type=\"container\">\n\t\t\t\t\t<div class=\"e-con-inner\">\n\t\t\t\t<div class=\"elementor-element elementor-element-e411958 elementor-widget elementor-widget-image\" data-id=\"e411958\" data-element_type=\"widget\" data-e-type=\"widget\" data-widget_type=\"image.default\">\n\t\t\t\t<div class=\"elementor-widget-container\">\n\t\t\t\t\t\t\t\t\t\t\t\t\t\t\t<img decoding=\"async\" width=\"64\" height=\"64\" src=\"https:\/\/chriapartners.com.br\/wp-content\/uploads\/2024\/02\/25.gif\" class=\"attachment-full size-full wp-image-537\" alt=\"\" \/>\t\t\t\t\t\t\t\t\t\t\t\t\t\t\t<\/div>\n\t\t\t\t<\/div>\n\t\t\t\t\t<\/div>\n\t\t\t\t<\/div>\n\t\t<div class=\"elementor-element elementor-element-a1b6a54 e-flex e-con-boxed e-con e-parent\" data-id=\"a1b6a54\" data-element_type=\"container\" data-e-type=\"container\">\n\t\t\t\t\t<div class=\"e-con-inner\">\n\t\t\t\t<div class=\"elementor-element elementor-element-d1260f2 elementor-widget__width-initial elementor-widget elementor-widget-video\" data-id=\"d1260f2\" data-element_type=\"widget\" data-e-type=\"widget\" data-settings=\"{&quot;video_type&quot;:&quot;hosted&quot;,&quot;start&quot;:0,&quot;autoplay&quot;:&quot;yes&quot;,&quot;play_on_mobile&quot;:&quot;yes&quot;,&quot;mute&quot;:&quot;yes&quot;}\" data-widget_type=\"video.default\">\n\t\t\t\t<div class=\"elementor-widget-container\">\n\t\t\t\t\t\t\t<div class=\"e-hosted-video elementor-wrapper elementor-open-inline\">\n\t\t\t\t\t<video class=\"elementor-video\" src=\"https:\/\/chriapartners.com.br\/wp-content\/uploads\/2024\/03\/chria_motion_logo_v7.mp4\" autoplay=\"\" muted=\"muted\" playsinline=\"\" controlslist=\"nodownload\"><\/video>\n\t\t\t\t<\/div>\n\t\t\t\t\t\t<\/div>\n\t\t\t\t<\/div>\n\t\t\t\t<div class=\"elementor-element elementor-element-53907f0 elementor-widget__width-initial elementor-widget elementor-widget-heading\" data-id=\"53907f0\" data-element_type=\"widget\" data-e-type=\"widget\" data-widget_type=\"heading.default\">\n\t\t\t\t<div class=\"elementor-widget-container\">\n\t\t\t\t\t<h2 class=\"elementor-heading-title elementor-size-default\">Bem-vindo a cHRia Partners,<br>\nonde cada clique <br>\naproxima conex\u00f5es.<\/h2>\t\t\t\t<\/div>\n\t\t\t\t<\/div>\n\t\t\t\t<div class=\"elementor-element elementor-element-b13aa2c elementor-widget elementor-widget-heading\" data-id=\"b13aa2c\" data-element_type=\"widget\" data-e-type=\"widget\" data-widget_type=\"heading.default\">\n\t\t\t\t<div class=\"elementor-widget-container\">\n\t\t\t\t\t<h2 class=\"elementor-heading-title elementor-size-default\">Are you a Candidate or a Client?<\/h2>\t\t\t\t<\/div>\n\t\t\t\t<\/div>\n\t\t<div class=\"elementor-element elementor-element-c850c7c e-flex e-con-boxed e-con e-child\" data-id=\"c850c7c\" data-element_type=\"container\" data-e-type=\"container\">\n\t\t\t\t\t<div class=\"e-con-inner\">\n\t\t\t\t<div class=\"elementor-element elementor-element-3d2a04d elementor-widget elementor-widget-button\" data-id=\"3d2a04d\" data-element_type=\"widget\" data-e-type=\"widget\" id=\"btn_cand\" data-widget_type=\"button.default\">\n\t\t\t\t<div class=\"elementor-widget-container\">\n\t\t\t\t\t\t\t\t\t<div class=\"elementor-button-wrapper\">\n\t\t\t\t\t<a class=\"elementor-button elementor-button-link elementor-size-sm elementor-animation-grow\" href=\"#\">\n\t\t\t\t\t\t<span class=\"elementor-button-content-wrapper\">\n\t\t\t\t\t\t\t\t\t<span class=\"elementor-button-text\">candidate<\/span>\n\t\t\t\t\t<\/span>\n\t\t\t\t\t<\/a>\n\t\t\t\t<\/div>\n\t\t\t\t\t\t\t\t<\/div>\n\t\t\t\t<\/div>\n\t\t\t\t<div class=\"elementor-element elementor-element-4ad8fdd elementor-widget__width-initial elementor-widget-mobile__width-initial elementor-widget-tablet__width-initial elementor-widget elementor-widget-html\" data-id=\"4ad8fdd\" data-element_type=\"widget\" data-e-type=\"widget\" data-widget_type=\"html.default\">\n\t\t\t\t<div class=\"elementor-widget-container\">\n\t\t\t\t\t<style>\n    .switch {\n      position: relative;\n      display: inline-block;\n      width: 120px;\n      height: 54px;\n      margin: auto\n    }\n    .slider {\n      position: absolute;\n      cursor: pointer;\n      top: 0;\n      left: 0;\n      right: 0;\n      bottom: 0;\n      background-color: #ccc;\n      -webkit-transition: all .4s;\n      transition: all .4s;\n    }\n\n    .slider:before {\n      position: absolute;\n      content: \"\";\n      height: 42px;\n      width: 42px;\n      left: calc(120px\/2 - 20px);\n      bottom: 6px;\n      background-color: black;\n      -webkit-transition: all .4s;\n      transition: all .4s;\n    }\n    .slider.round {\n      border-radius: 54px;\n    }\n    \n    .slider.round:before {\n      border-radius: 55%;\n    }\n    .over_switch{\n        width: 100%;\n        display: flex;\n    }\n    \n    .switch_cand:before{\n        left: 8px;\n        transition: all .4s\n    }\n    .switch_client:before{\n        left: calc(120px - 48px);\n        transition: all .4s\n    }\n    \n    .bg-green{\n        background-color: #a3ff01;\n    }\n    .left_slider{\n        height: 54px;\n        width: 50px;\n        display: block;\n        background-color: transparent;\n        position: absolute;\n        top: 0;\n        left: 0;\n        cursor: pointer;\n        z-index: 1;\n    }\n    \n    .right_slider{\n        height: 54px;\n        width: 50px;\n        display: block;\n        background-color: transparent;\n        position: absolute;\n        top: 0;\n        right: 0;\n        cursor: pointer;\n        z-index: 1;\n    }\n<\/style>\n\n<div class=\"over_switch\">\n    \n<label class=\"switch\">\n  <span class=\"left_slider\"><\/span>\n  <span class=\"slider round\"><\/span>\n  <span class=\"right_slider\"><\/span>\n<\/label>\n\n<\/div>\n\n\t\t\t\t<\/div>\n\t\t\t\t<\/div>\n\t\t\t\t<div class=\"elementor-element elementor-element-c4fd6a4 elementor-widget elementor-widget-button\" data-id=\"c4fd6a4\" data-element_type=\"widget\" data-e-type=\"widget\" id=\"btn_cliente\" data-widget_type=\"button.default\">\n\t\t\t\t<div class=\"elementor-widget-container\">\n\t\t\t\t\t\t\t\t\t<div class=\"elementor-button-wrapper\">\n\t\t\t\t\t<a class=\"elementor-button elementor-button-link elementor-size-sm elementor-animation-grow\" href=\"#\">\n\t\t\t\t\t\t<span class=\"elementor-button-content-wrapper\">\n\t\t\t\t\t\t\t\t\t<span class=\"elementor-button-text\">client<\/span>\n\t\t\t\t\t<\/span>\n\t\t\t\t\t<\/a>\n\t\t\t\t<\/div>\n\t\t\t\t\t\t\t\t<\/div>\n\t\t\t\t<\/div>\n\t\t\t\t\t<\/div>\n\t\t\t\t<\/div>\n\t\t<div class=\"elementor-element elementor-element-ff78069 e-grid e-con-boxed e-con e-child\" data-id=\"ff78069\" data-element_type=\"container\" data-e-type=\"container\">\n\t\t\t\t\t<div class=\"e-con-inner\">\n\t\t\t\t<div class=\"elementor-element elementor-element-1706832 elementor-widget__width-inherit elementor-widget elementor-widget-image\" data-id=\"1706832\" data-element_type=\"widget\" data-e-type=\"widget\" data-widget_type=\"image.default\">\n\t\t\t\t<div class=\"elementor-widget-container\">\n\t\t\t\t\t\t\t\t\t\t\t\t\t\t\t\t<a href=\"https:\/\/chriapartners.com.br\/\">\n\t\t\t\t\t\t\t<img decoding=\"async\" src=\"https:\/\/chriapartners.com.br\/wp-content\/uploads\/elementor\/thumbs\/flag-qo7ijamgs2tyithptyvo0zvhntrnlgj45m32ot0e5o.png\" title=\"PT-BR\" alt=\"PT-BR\" loading=\"lazy\" \/>\t\t\t\t\t\t\t\t<\/a>\n\t\t\t\t\t\t\t\t\t\t\t\t\t\t\t<\/div>\n\t\t\t\t<\/div>\n\t\t\t\t<div class=\"elementor-element elementor-element-87e624c elementor-widget elementor-widget-image\" data-id=\"87e624c\" data-element_type=\"widget\" data-e-type=\"widget\" data-widget_type=\"image.default\">\n\t\t\t\t<div class=\"elementor-widget-container\">\n\t\t\t\t\t\t\t\t\t\t\t\t\t\t\t\t<a href=\"https:\/\/chriapartners.com.br\/en-us\">\n\t\t\t\t\t\t\t<img decoding=\"async\" src=\"https:\/\/chriapartners.com.br\/wp-content\/uploads\/elementor\/thumbs\/united-states-qo7ijbkaywv8ufgcohaalhmy97n0t5muhqqk62yzzg.png\" title=\"EN-US\" alt=\"EN-US\" loading=\"lazy\" \/>\t\t\t\t\t\t\t\t<\/a>\n\t\t\t\t\t\t\t\t\t\t\t\t\t\t\t<\/div>\n\t\t\t\t<\/div>\n\t\t\t\t\t<\/div>\n\t\t\t\t<\/div>\n\t\t\t\t<div class=\"elementor-element elementor-element-1280191 elementor-widget elementor-widget-html\" data-id=\"1280191\" data-element_type=\"widget\" data-e-type=\"widget\" data-widget_type=\"html.default\">\n\t\t\t\t<div class=\"elementor-widget-container\">\n\t\t\t\t\t<style>\n    .d-flex{\n        display: flex!important;\n        top: 0!important;\n    }\n<\/style>\n<script>\n    \n    const btn_cand = document.getElementById(\"btn_cand\");\n    const btn_client = document.getElementById(\"btn_cliente\");\n    const left_slider = document.querySelector('.left_slider');\n    const right_slider = document.querySelector('.right_slider');\n    \n    left_slider.addEventListener('click', () => {\n        document.querySelector('.slider').classList.remove('switch_client');\n        document.querySelector('.slider').classList.add('switch_cand');\n        document.querySelector('.slider').classList.add('bg-green');\n        \n        setTimeout(function(){\n            document.querySelector('.over_loading').classList.add('d-flex');    \n            \n            setTimeout(function(){\n                window.location.href = \"https:\/\/chriapartners.com.br\/candidatos\/\";\n                setTimeout(function(){\n                    document.querySelector('.over_loading').classList.remove('d-flex');\n                }, 300);\n                \n            }, 500);\n            \n        }, 500);\n        \n    });\n    \n    btn_cand.addEventListener('click', () => {\n        document.querySelector('.slider').classList.remove('switch_client');\n        document.querySelector('.slider').classList.add('switch_cand');\n        document.querySelector('.slider').classList.add('bg-green');\n        \n        setTimeout(function(){\n            document.querySelector('.over_loading').classList.add('d-flex');    \n            \n            setTimeout(function(){\n                window.location.href = \"https:\/\/chriapartners.com.br\/candidatos\/\";\n                setTimeout(function(){\n                    document.querySelector('.over_loading').classList.remove('d-flex');\n                }, 300);\n            }, 500);\n            \n        }, 500);\n        \n    });\n    \n    right_slider.addEventListener('click', () => {\n        document.querySelector('.slider').classList.remove('switch_cand');\n        document.querySelector('.slider').classList.add('switch_client');\n        document.querySelector('.slider').classList.add('bg-green');\n        \n        setTimeout(function(){\n            document.querySelector('.over_loading').classList.add('d-flex');    \n            \n            setTimeout(function(){\n                window.location.href = \"https:\/\/chriapartners.com.br\/clientes\/\";\n                setTimeout(function(){\n                    document.querySelector('.over_loading').classList.remove('d-flex');\n                }, 300);\n            }, 500);\n            \n        }, 500);\n    })\n    \n    btn_client.addEventListener('click', () => {\n        document.querySelector('.slider').classList.remove('switch_cand');\n        document.querySelector('.slider').classList.add('switch_client');\n        document.querySelector('.slider').classList.add('bg-green');\n        \n        setTimeout(function(){\n            document.querySelector('.over_loading').classList.add('d-flex');    \n            \n            setTimeout(function(){\n                window.location.href = \"https:\/\/chriapartners.com.br\/clientes\/\";\n                setTimeout(function(){\n                    document.querySelector('.over_loading').classList.remove('d-flex');\n                }, 300);\n            }, 500);\n            \n        }, 500);\n    })\n    \n<\/script>\t\t\t\t<\/div>\n\t\t\t\t<\/div>\n\t\t\t\t\t<\/div>\n\t\t\t\t<\/div>\n\t\t\t\t<\/div>","protected":false},"excerpt":{"rendered":"<p>https:\/\/chriapartners.com.br\/wp-content\/uploads\/2024\/03\/chria_motion_logo_v7.mp4 Bem-vindo a cHRia Partners, onde cada clique aproxima conex\u00f5es. Voc\u00ea \u00e9 Candidato ou Cliente? candidato cliente<\/p>","protected":false},"author":1,"featured_media":0,"parent":0,"menu_order":0,"comment_status":"closed","ping_status":"closed","template":"elementor_canvas","meta":{"footnotes":""},"class_list":["post-61","page","type-page","status-publish","hentry"],"yoast_head":"<!-- This site is optimized with the Yoast SEO plugin v27.4 - https:\/\/yoast.com\/product\/yoast-seo-wordpress\/ -->\n<title>cHRia - Recrutamento com foco em Tecnologia e Digital<\/title>\n<meta name=\"description\" content=\"A cHRia Partners \u00e9 uma consultoria de recrutamento especializada em Tecnologia &amp; Digital nos diferentes setores do mercado.\" \/>\n<meta name=\"robots\" content=\"index, follow, max-snippet:-1, max-image-preview:large, max-video-preview:-1\" \/>\n<link rel=\"canonical\" href=\"https:\/\/chriapartners.com.br\/en_us\/\" \/>\n<meta property=\"og:locale\" content=\"en_US\" \/>\n<meta property=\"og:type\" content=\"article\" \/>\n<meta property=\"og:title\" content=\"cHRia - Recrutamento com foco em Tecnologia e Digital\" \/>\n<meta property=\"og:description\" content=\"A cHRia Partners \u00e9 uma consultoria de recrutamento especializada em Tecnologia &amp; Digital nos diferentes setores do mercado.\" \/>\n<meta property=\"og:url\" content=\"https:\/\/chriapartners.com.br\/en_us\/\" \/>\n<meta property=\"og:site_name\" content=\"cHRia Partners\" \/>\n<meta property=\"article:modified_time\" content=\"2024-06-18T15:09:41+00:00\" \/>\n<meta property=\"og:image\" content=\"https:\/\/chriapartners.com.br\/wp-content\/uploads\/2024\/02\/25.gif\" \/>\n<meta name=\"twitter:card\" content=\"summary_large_image\" \/>\n<meta name=\"twitter:label1\" content=\"Est. reading time\" \/>\n\t<meta name=\"twitter:data1\" content=\"1 minute\" \/>\n<script type=\"application\/ld+json\" class=\"yoast-schema-graph\">{\"@context\":\"https:\\\/\\\/schema.org\",\"@graph\":[{\"@type\":\"WebPage\",\"@id\":\"https:\\\/\\\/chriapartners.com.br\\\/\",\"url\":\"https:\\\/\\\/chriapartners.com.br\\\/\",\"name\":\"cHRia - Recrutamento com foco em Tecnologia e Digital\",\"isPartOf\":{\"@id\":\"https:\\\/\\\/chriapartners.com.br\\\/#website\"},\"primaryImageOfPage\":{\"@id\":\"https:\\\/\\\/chriapartners.com.br\\\/#primaryimage\"},\"image\":{\"@id\":\"https:\\\/\\\/chriapartners.com.br\\\/#primaryimage\"},\"thumbnailUrl\":\"https:\\\/\\\/chriapartners.com.br\\\/wp-content\\\/uploads\\\/2024\\\/02\\\/25.gif\",\"datePublished\":\"2024-02-27T19:03:22+00:00\",\"dateModified\":\"2024-06-18T15:09:41+00:00\",\"description\":\"A cHRia Partners \u00e9 uma consultoria de recrutamento especializada em Tecnologia & Digital nos diferentes setores do mercado.\",\"breadcrumb\":{\"@id\":\"https:\\\/\\\/chriapartners.com.br\\\/#breadcrumb\"},\"inLanguage\":\"en-US\",\"potentialAction\":[{\"@type\":\"ReadAction\",\"target\":[\"https:\\\/\\\/chriapartners.com.br\\\/\"]}]},{\"@type\":\"ImageObject\",\"inLanguage\":\"en-US\",\"@id\":\"https:\\\/\\\/chriapartners.com.br\\\/#primaryimage\",\"url\":\"https:\\\/\\\/chriapartners.com.br\\\/wp-content\\\/uploads\\\/2024\\\/02\\\/25.gif\",\"contentUrl\":\"https:\\\/\\\/chriapartners.com.br\\\/wp-content\\\/uploads\\\/2024\\\/02\\\/25.gif\"},{\"@type\":\"BreadcrumbList\",\"@id\":\"https:\\\/\\\/chriapartners.com.br\\\/#breadcrumb\",\"itemListElement\":[{\"@type\":\"ListItem\",\"position\":1,\"name\":\"Home\",\"item\":\"https:\\\/\\\/chriapartners.com.br\\\/\"},{\"@type\":\"ListItem\",\"position\":2,\"name\":\"Home\"}]},{\"@type\":\"WebSite\",\"@id\":\"https:\\\/\\\/chriapartners.com.br\\\/#website\",\"url\":\"https:\\\/\\\/chriapartners.com.br\\\/\",\"name\":\"cHRia Partners\",\"description\":\"Criando Conex\u00f5es\",\"publisher\":{\"@id\":\"https:\\\/\\\/chriapartners.com.br\\\/#organization\"},\"potentialAction\":[{\"@type\":\"SearchAction\",\"target\":{\"@type\":\"EntryPoint\",\"urlTemplate\":\"https:\\\/\\\/chriapartners.com.br\\\/?s={search_term_string}\"},\"query-input\":{\"@type\":\"PropertyValueSpecification\",\"valueRequired\":true,\"valueName\":\"search_term_string\"}}],\"inLanguage\":\"en-US\"},{\"@type\":\"Organization\",\"@id\":\"https:\\\/\\\/chriapartners.com.br\\\/#organization\",\"name\":\"cHRia Partners\",\"url\":\"https:\\\/\\\/chriapartners.com.br\\\/\",\"logo\":{\"@type\":\"ImageObject\",\"inLanguage\":\"en-US\",\"@id\":\"https:\\\/\\\/chriapartners.com.br\\\/#\\\/schema\\\/logo\\\/image\\\/\",\"url\":\"https:\\\/\\\/chriapartners.com.br\\\/wp-content\\\/uploads\\\/2024\\\/02\\\/fundo-brancoJPG_CHRIA.jpg\",\"contentUrl\":\"https:\\\/\\\/chriapartners.com.br\\\/wp-content\\\/uploads\\\/2024\\\/02\\\/fundo-brancoJPG_CHRIA.jpg\",\"width\":300,\"height\":96,\"caption\":\"cHRia Partners\"},\"image\":{\"@id\":\"https:\\\/\\\/chriapartners.com.br\\\/#\\\/schema\\\/logo\\\/image\\\/\"},\"sameAs\":[\"https:\\\/\\\/www.linkedin.com\\\/company\\\/chriapartners\\\/\",\"https:\\\/\\\/www.instagram.com\\\/chriapartners\\\/\"]}]}<\/script>\n<!-- \/ Yoast SEO plugin. -->","yoast_head_json":{"title":"cHRia - Recrutamento com foco em Tecnologia e Digital","description":"A cHRia Partners \u00e9 uma consultoria de recrutamento especializada em Tecnologia & Digital nos diferentes setores do mercado.","robots":{"index":"index","follow":"follow","max-snippet":"max-snippet:-1","max-image-preview":"max-image-preview:large","max-video-preview":"max-video-preview:-1"},"canonical":"https:\/\/chriapartners.com.br\/en_us\/","og_locale":"en_US","og_type":"article","og_title":"cHRia - Recrutamento com foco em Tecnologia e Digital","og_description":"A cHRia Partners \u00e9 uma consultoria de recrutamento especializada em Tecnologia & Digital nos diferentes setores do mercado.","og_url":"https:\/\/chriapartners.com.br\/en_us\/","og_site_name":"cHRia Partners","article_modified_time":"2024-06-18T15:09:41+00:00","og_image":[{"url":"https:\/\/chriapartners.com.br\/wp-content\/uploads\/2024\/02\/25.gif","type":"","width":"","height":""}],"twitter_card":"summary_large_image","twitter_misc":{"Est. reading time":"1 minute"},"schema":{"@context":"https:\/\/schema.org","@graph":[{"@type":"WebPage","@id":"https:\/\/chriapartners.com.br\/","url":"https:\/\/chriapartners.com.br\/","name":"cHRia - Recrutamento com foco em Tecnologia e Digital","isPartOf":{"@id":"https:\/\/chriapartners.com.br\/#website"},"primaryImageOfPage":{"@id":"https:\/\/chriapartners.com.br\/#primaryimage"},"image":{"@id":"https:\/\/chriapartners.com.br\/#primaryimage"},"thumbnailUrl":"https:\/\/chriapartners.com.br\/wp-content\/uploads\/2024\/02\/25.gif","datePublished":"2024-02-27T19:03:22+00:00","dateModified":"2024-06-18T15:09:41+00:00","description":"A cHRia Partners \u00e9 uma consultoria de recrutamento especializada em Tecnologia & Digital nos diferentes setores do mercado.","breadcrumb":{"@id":"https:\/\/chriapartners.com.br\/#breadcrumb"},"inLanguage":"en-US","potentialAction":[{"@type":"ReadAction","target":["https:\/\/chriapartners.com.br\/"]}]},{"@type":"ImageObject","inLanguage":"en-US","@id":"https:\/\/chriapartners.com.br\/#primaryimage","url":"https:\/\/chriapartners.com.br\/wp-content\/uploads\/2024\/02\/25.gif","contentUrl":"https:\/\/chriapartners.com.br\/wp-content\/uploads\/2024\/02\/25.gif"},{"@type":"BreadcrumbList","@id":"https:\/\/chriapartners.com.br\/#breadcrumb","itemListElement":[{"@type":"ListItem","position":1,"name":"Home","item":"https:\/\/chriapartners.com.br\/"},{"@type":"ListItem","position":2,"name":"Home"}]},{"@type":"WebSite","@id":"https:\/\/chriapartners.com.br\/#website","url":"https:\/\/chriapartners.com.br\/","name":"cHRia Partners","description":"Criando Conex\u00f5es","publisher":{"@id":"https:\/\/chriapartners.com.br\/#organization"},"potentialAction":[{"@type":"SearchAction","target":{"@type":"EntryPoint","urlTemplate":"https:\/\/chriapartners.com.br\/?s={search_term_string}"},"query-input":{"@type":"PropertyValueSpecification","valueRequired":true,"valueName":"search_term_string"}}],"inLanguage":"en-US"},{"@type":"Organization","@id":"https:\/\/chriapartners.com.br\/#organization","name":"cHRia Partners","url":"https:\/\/chriapartners.com.br\/","logo":{"@type":"ImageObject","inLanguage":"en-US","@id":"https:\/\/chriapartners.com.br\/#\/schema\/logo\/image\/","url":"https:\/\/chriapartners.com.br\/wp-content\/uploads\/2024\/02\/fundo-brancoJPG_CHRIA.jpg","contentUrl":"https:\/\/chriapartners.com.br\/wp-content\/uploads\/2024\/02\/fundo-brancoJPG_CHRIA.jpg","width":300,"height":96,"caption":"cHRia Partners"},"image":{"@id":"https:\/\/chriapartners.com.br\/#\/schema\/logo\/image\/"},"sameAs":["https:\/\/www.linkedin.com\/company\/chriapartners\/","https:\/\/www.instagram.com\/chriapartners\/"]}]}},"_links":{"self":[{"href":"https:\/\/chriapartners.com.br\/en_us\/wp-json\/wp\/v2\/pages\/61","targetHints":{"allow":["GET"]}}],"collection":[{"href":"https:\/\/chriapartners.com.br\/en_us\/wp-json\/wp\/v2\/pages"}],"about":[{"href":"https:\/\/chriapartners.com.br\/en_us\/wp-json\/wp\/v2\/types\/page"}],"author":[{"embeddable":true,"href":"https:\/\/chriapartners.com.br\/en_us\/wp-json\/wp\/v2\/users\/1"}],"replies":[{"embeddable":true,"href":"https:\/\/chriapartners.com.br\/en_us\/wp-json\/wp\/v2\/comments?post=61"}],"version-history":[{"count":459,"href":"https:\/\/chriapartners.com.br\/en_us\/wp-json\/wp\/v2\/pages\/61\/revisions"}],"predecessor-version":[{"id":1774,"href":"https:\/\/chriapartners.com.br\/en_us\/wp-json\/wp\/v2\/pages\/61\/revisions\/1774"}],"wp:attachment":[{"href":"https:\/\/chriapartners.com.br\/en_us\/wp-json\/wp\/v2\/media?parent=61"}],"curies":[{"name":"wp","href":"https:\/\/api.w.org\/{rel}","templated":true}]}}